{"id":91,"date":"2021-10-05T19:54:34","date_gmt":"2021-10-05T19:54:34","guid":{"rendered":"https:\/\/zum-plothenteich.de\/?page_id=91"},"modified":"2025-12-02T13:36:24","modified_gmt":"2025-12-02T12:36:24","slug":"uebernachtung","status":"publish","type":"page","link":"https:\/\/zum-plothenteich.de\/index.php\/uebernachtung\/","title":{"rendered":"\u00dcbernachtung"},"content":{"rendered":"\n<div class=\"wp-block-columns is-layout-flex wp-container-core-columns-is-layout-9d6595d7 wp-block-columns-is-layout-flex\">\n<div class=\"wp-block-column is-layout-flow wp-block-column-is-layout-flow\" style=\"flex-basis:100%\">\n<p class=\"has-medium-font-size\">Insgesamt bieten wir 26 Betten an. <\/p>\n\n\n\n<p class=\"has-medium-font-size\">Alle Zimmer sind mit Dusche und WC ausgestattet.  <\/p>\n\n\n\n<p class=\"has-medium-font-size\">Alle Zimmer sind Nichtraucherzimmer<\/p>\n\n\n\n<p class=\"has-medium-font-size\">Hunde sind in den Zimmern nicht gestattet.<\/p>\n\n\n\n<figure class=\"wp-block-table aligncenter\"><table><tbody><tr><td>Unsere Zimmer:<\/td><td>1 -3 Tage<\/td><td><\/td><td>ab 4 Tagen<\/td><\/tr><tr><td>Einzelzimmer (inkl. Fr\u00fchst\u00fcck)<\/td><td>ab 54 \u20ac\/Tag<\/td><td><\/td><td>ab 48 \u20ac\/Tag<\/td><\/tr><tr><td>Doppelzimmer (inkl. Fr\u00fchst\u00fcck)<\/td><td>ab 94 \u20ac\/Tag<\/td><td><\/td><td>ab 84 \u20ac\/Tag<\/td><\/tr><tr><td>3-Bettzimmer (inkl. Fr\u00fchst\u00fcck)<\/td><td>ab 117 \u20ac\/Tag<\/td><td><\/td><td>ab 105 \u20ac\/Tag<\/td><\/tr><\/tbody><\/table><figcaption class=\"wp-element-caption\">Bei Stornierungen ab 3 Tage vor Anreise erheben wir eine Stornierungsgeb\u00fchr von 1\/3 des Zimmerpreises<\/figcaption><\/figure>\n<\/div>\n<\/div>\n\n\n\n<figure class=\"wp-block-image size-large\"><img loading=\"lazy\" decoding=\"async\" width=\"1024\" height=\"684\" src=\"https:\/\/zum-plothenteich.de\/wp-content\/uploads\/2021\/10\/CGZ_7979-1024x684.jpg\" alt=\"\" class=\"wp-image-197\" srcset=\"https:\/\/zum-plothenteich.de\/wp-content\/uploads\/2021\/10\/CGZ_7979-1024x684.jpg 1024w, https:\/\/zum-plothenteich.de\/wp-content\/uploads\/2021\/10\/CGZ_7979-300x200.jpg 300w, https:\/\/zum-plothenteich.de\/wp-content\/uploads\/2021\/10\/CGZ_7979-768x513.jpg 768w, https:\/\/zum-plothenteich.de\/wp-content\/uploads\/2021\/10\/CGZ_7979-1536x1025.jpg 1536w, https:\/\/zum-plothenteich.de\/wp-content\/uploads\/2021\/10\/CGZ_7979-350x234.jpg 350w, https:\/\/zum-plothenteich.de\/wp-content\/uploads\/2021\/10\/CGZ_7979.jpg 2000w\" sizes=\"auto, (max-width: 706px) 89vw, (max-width: 767px) 82vw, 740px\" \/><\/figure>\n\n\n\n<figure class=\"wp-block-image size-large\"><img loading=\"lazy\" decoding=\"async\" width=\"1024\" height=\"684\" src=\"https:\/\/zum-plothenteich.de\/wp-content\/uploads\/2021\/10\/CGZ_7977-1024x684.jpg\" alt=\"\" class=\"wp-image-196\" srcset=\"https:\/\/zum-plothenteich.de\/wp-content\/uploads\/2021\/10\/CGZ_7977-1024x684.jpg 1024w, https:\/\/zum-plothenteich.de\/wp-content\/uploads\/2021\/10\/CGZ_7977-300x200.jpg 300w, https:\/\/zum-plothenteich.de\/wp-content\/uploads\/2021\/10\/CGZ_7977-768x513.jpg 768w, https:\/\/zum-plothenteich.de\/wp-content\/uploads\/2021\/10\/CGZ_7977-1536x1025.jpg 1536w, https:\/\/zum-plothenteich.de\/wp-content\/uploads\/2021\/10\/CGZ_7977-350x234.jpg 350w, https:\/\/zum-plothenteich.de\/wp-content\/uploads\/2021\/10\/CGZ_7977.jpg 2000w\" sizes=\"auto, (max-width: 706px) 89vw, (max-width: 767px) 82vw, 740px\" \/><\/figure>\n\n\n\n<figure class=\"wp-block-image size-large\"><img loading=\"lazy\" decoding=\"async\" width=\"1024\" height=\"684\" src=\"https:\/\/zum-plothenteich.de\/wp-content\/uploads\/2021\/10\/CGZ_7975-1024x684.jpg\" alt=\"\" class=\"wp-image-193\" srcset=\"https:\/\/zum-plothenteich.de\/wp-content\/uploads\/2021\/10\/CGZ_7975-1024x684.jpg 1024w, https:\/\/zum-plothenteich.de\/wp-content\/uploads\/2021\/10\/CGZ_7975-300x200.jpg 300w, https:\/\/zum-plothenteich.de\/wp-content\/uploads\/2021\/10\/CGZ_7975-768x513.jpg 768w, https:\/\/zum-plothenteich.de\/wp-content\/uploads\/2021\/10\/CGZ_7975-1536x1025.jpg 1536w, https:\/\/zum-plothenteich.de\/wp-content\/uploads\/2021\/10\/CGZ_7975-350x234.jpg 350w, https:\/\/zum-plothenteich.de\/wp-content\/uploads\/2021\/10\/CGZ_7975.jpg 2000w\" sizes=\"auto, (max-width: 706px) 89vw, (max-width: 767px) 82vw, 740px\" \/><\/figure>\n\n\n\n<figure class=\"wp-block-image size-large\"><img loading=\"lazy\" decoding=\"async\" width=\"1024\" height=\"684\" src=\"https:\/\/zum-plothenteich.de\/wp-content\/uploads\/2021\/10\/CGZ_7976-1024x684.jpg\" alt=\"\" class=\"wp-image-194\" srcset=\"https:\/\/zum-plothenteich.de\/wp-content\/uploads\/2021\/10\/CGZ_7976-1024x684.jpg 1024w, https:\/\/zum-plothenteich.de\/wp-content\/uploads\/2021\/10\/CGZ_7976-300x200.jpg 300w, https:\/\/zum-plothenteich.de\/wp-content\/uploads\/2021\/10\/CGZ_7976-768x513.jpg 768w, https:\/\/zum-plothenteich.de\/wp-content\/uploads\/2021\/10\/CGZ_7976-1536x1025.jpg 1536w, https:\/\/zum-plothenteich.de\/wp-content\/uploads\/2021\/10\/CGZ_7976-350x234.jpg 350w, https:\/\/zum-plothenteich.de\/wp-content\/uploads\/2021\/10\/CGZ_7976.jpg 2000w\" sizes=\"auto, (max-width: 706px) 89vw, (max-width: 767px) 82vw, 740px\" \/><\/figure>\n\n\n\n<p class=\"has-medium-font-size\">Aufbettungen sind m\u00f6glich, f\u00fcr gr\u00f6\u00dfere Gruppen sind weitere G\u00e4stezimmer in Plothen vermittelbar.<\/p>\n\n\n\n<p class=\"has-medium-font-size\">Anreise: Zimmer sind ab 14 Uhr verf\u00fcgbar<br>Abreise: Zimmerfreigabe bis sp\u00e4testens 10 Uhr<br>Bezahlung: Barzahlung, EC-Karte<\/p>\n\n\n\n<p class=\"has-medium-font-size\">Erm\u00e4\u00dfigung gilt nicht f\u00fcr Feier- und Br\u00fcckentage!<br>Freitags (Ruhetag) ist das Hotel ab 18.30Uhr ge\u00f6ffnet.<\/p>\n","protected":false},"excerpt":{"rendered":"<p>Insgesamt bieten wir 26 Betten an. Alle Zimmer sind mit Dusche und WC ausgestattet. Alle Zimmer sind Nichtraucherzimmer Hunde sind in den Zimmern nicht gestattet. Unsere Zimmer: 1 -3 Tage ab 4 Tagen Einzelzimmer (inkl. Fr\u00fchst\u00fcck) ab 54 \u20ac\/Tag ab 48 \u20ac\/Tag Doppelzimmer (inkl. Fr\u00fchst\u00fcck) ab 94 \u20ac\/Tag ab 84 \u20ac\/Tag 3-Bettzimmer (inkl. Fr\u00fchst\u00fcck) ab &hellip; <\/p>\n<p class=\"link-more\"><a href=\"https:\/\/zum-plothenteich.de\/index.php\/uebernachtung\/\" class=\"more-link\"><span class=\"screen-reader-text\">\u201e\u00dcbernachtung\u201c<\/span> weiterlesen<\/a><\/p>\n","protected":false},"author":3,"featured_media":0,"parent":0,"menu_order":0,"comment_status":"closed","ping_status":"closed","template":"","meta":{"footnotes":""},"class_list":["post-91","page","type-page","status-publish","hentry"],"yoast_head":"<!-- This site is optimized with the Yoast SEO plugin v20.5 - https:\/\/yoast.com\/wordpress\/plugins\/seo\/ -->\n<title>\u00dcbernachtung - Gasthaus &quot;Zum Plothenteich&quot;<\/title>\n<meta name=\"robots\" content=\"index, follow, max-snippet:-1, max-image-preview:large, max-video-preview:-1\" \/>\n<link rel=\"canonical\" href=\"https:\/\/zum-plothenteich.de\/index.php\/uebernachtung\/\" \/>\n<meta property=\"og:locale\" content=\"de_DE\" \/>\n<meta property=\"og:type\" content=\"article\" \/>\n<meta property=\"og:title\" content=\"\u00dcbernachtung - Gasthaus &quot;Zum Plothenteich&quot;\" \/>\n<meta property=\"og:description\" content=\"Insgesamt bieten wir 26 Betten an. Alle Zimmer sind mit Dusche und WC ausgestattet. Alle Zimmer sind Nichtraucherzimmer Hunde sind in den Zimmern nicht gestattet. Unsere Zimmer: 1 -3 Tage ab 4 Tagen Einzelzimmer (inkl. Fr\u00fchst\u00fcck) ab 54 \u20ac\/Tag ab 48 \u20ac\/Tag Doppelzimmer (inkl. Fr\u00fchst\u00fcck) ab 94 \u20ac\/Tag ab 84 \u20ac\/Tag 3-Bettzimmer (inkl. Fr\u00fchst\u00fcck) ab &hellip; \u201e\u00dcbernachtung\u201c weiterlesen\" \/>\n<meta property=\"og:url\" content=\"https:\/\/zum-plothenteich.de\/index.php\/uebernachtung\/\" \/>\n<meta property=\"og:site_name\" content=\"Gasthaus &quot;Zum Plothenteich&quot;\" \/>\n<meta property=\"article:modified_time\" content=\"2025-12-02T12:36:24+00:00\" \/>\n<meta property=\"og:image\" content=\"https:\/\/zum-plothenteich.de\/wp-content\/uploads\/2021\/10\/CGZ_7979-1024x684.jpg\" \/>\n<meta name=\"twitter:card\" content=\"summary_large_image\" \/>\n<meta name=\"twitter:label1\" content=\"Gesch\u00e4tzte Lesezeit\" \/>\n\t<meta name=\"twitter:data1\" content=\"2\u00a0Minuten\" \/>\n<script type=\"application\/ld+json\" class=\"yoast-schema-graph\">{\"@context\":\"https:\/\/schema.org\",\"@graph\":[{\"@type\":\"WebPage\",\"@id\":\"https:\/\/zum-plothenteich.de\/index.php\/uebernachtung\/\",\"url\":\"https:\/\/zum-plothenteich.de\/index.php\/uebernachtung\/\",\"name\":\"\u00dcbernachtung - Gasthaus &quot;Zum Plothenteich&quot;\",\"isPartOf\":{\"@id\":\"https:\/\/zum-plothenteich.de\/#website\"},\"datePublished\":\"2021-10-05T19:54:34+00:00\",\"dateModified\":\"2025-12-02T12:36:24+00:00\",\"breadcrumb\":{\"@id\":\"https:\/\/zum-plothenteich.de\/index.php\/uebernachtung\/#breadcrumb\"},\"inLanguage\":\"de\",\"potentialAction\":[{\"@type\":\"ReadAction\",\"target\":[\"https:\/\/zum-plothenteich.de\/index.php\/uebernachtung\/\"]}]},{\"@type\":\"BreadcrumbList\",\"@id\":\"https:\/\/zum-plothenteich.de\/index.php\/uebernachtung\/#breadcrumb\",\"itemListElement\":[{\"@type\":\"ListItem\",\"position\":1,\"name\":\"Startseite\",\"item\":\"https:\/\/zum-plothenteich.de\/\"},{\"@type\":\"ListItem\",\"position\":2,\"name\":\"\u00dcbernachtung\"}]},{\"@type\":\"WebSite\",\"@id\":\"https:\/\/zum-plothenteich.de\/#website\",\"url\":\"https:\/\/zum-plothenteich.de\/\",\"name\":\"Gasthaus &quot;Zum Plothenteich&quot;\",\"description\":\"Gut essen im &quot;Land der tausend Teiche&quot;\",\"potentialAction\":[{\"@type\":\"SearchAction\",\"target\":{\"@type\":\"EntryPoint\",\"urlTemplate\":\"https:\/\/zum-plothenteich.de\/?s={search_term_string}\"},\"query-input\":\"required name=search_term_string\"}],\"inLanguage\":\"de\"}]}<\/script>\n<!-- \/ Yoast SEO plugin. -->","yoast_head_json":{"title":"\u00dcbernachtung - Gasthaus &quot;Zum Plothenteich&quot;","robots":{"index":"index","follow":"follow","max-snippet":"max-snippet:-1","max-image-preview":"max-image-preview:large","max-video-preview":"max-video-preview:-1"},"canonical":"https:\/\/zum-plothenteich.de\/index.php\/uebernachtung\/","og_locale":"de_DE","og_type":"article","og_title":"\u00dcbernachtung - Gasthaus &quot;Zum Plothenteich&quot;","og_description":"Insgesamt bieten wir 26 Betten an. Alle Zimmer sind mit Dusche und WC ausgestattet. Alle Zimmer sind Nichtraucherzimmer Hunde sind in den Zimmern nicht gestattet. Unsere Zimmer: 1 -3 Tage ab 4 Tagen Einzelzimmer (inkl. Fr\u00fchst\u00fcck) ab 54 \u20ac\/Tag ab 48 \u20ac\/Tag Doppelzimmer (inkl. Fr\u00fchst\u00fcck) ab 94 \u20ac\/Tag ab 84 \u20ac\/Tag 3-Bettzimmer (inkl. Fr\u00fchst\u00fcck) ab &hellip; \u201e\u00dcbernachtung\u201c weiterlesen","og_url":"https:\/\/zum-plothenteich.de\/index.php\/uebernachtung\/","og_site_name":"Gasthaus &quot;Zum Plothenteich&quot;","article_modified_time":"2025-12-02T12:36:24+00:00","og_image":[{"url":"https:\/\/zum-plothenteich.de\/wp-content\/uploads\/2021\/10\/CGZ_7979-1024x684.jpg"}],"twitter_card":"summary_large_image","twitter_misc":{"Gesch\u00e4tzte Lesezeit":"2\u00a0Minuten"},"schema":{"@context":"https:\/\/schema.org","@graph":[{"@type":"WebPage","@id":"https:\/\/zum-plothenteich.de\/index.php\/uebernachtung\/","url":"https:\/\/zum-plothenteich.de\/index.php\/uebernachtung\/","name":"\u00dcbernachtung - Gasthaus &quot;Zum Plothenteich&quot;","isPartOf":{"@id":"https:\/\/zum-plothenteich.de\/#website"},"datePublished":"2021-10-05T19:54:34+00:00","dateModified":"2025-12-02T12:36:24+00:00","breadcrumb":{"@id":"https:\/\/zum-plothenteich.de\/index.php\/uebernachtung\/#breadcrumb"},"inLanguage":"de","potentialAction":[{"@type":"ReadAction","target":["https:\/\/zum-plothenteich.de\/index.php\/uebernachtung\/"]}]},{"@type":"BreadcrumbList","@id":"https:\/\/zum-plothenteich.de\/index.php\/uebernachtung\/#breadcrumb","itemListElement":[{"@type":"ListItem","position":1,"name":"Startseite","item":"https:\/\/zum-plothenteich.de\/"},{"@type":"ListItem","position":2,"name":"\u00dcbernachtung"}]},{"@type":"WebSite","@id":"https:\/\/zum-plothenteich.de\/#website","url":"https:\/\/zum-plothenteich.de\/","name":"Gasthaus &quot;Zum Plothenteich&quot;","description":"Gut essen im &quot;Land der tausend Teiche&quot;","potentialAction":[{"@type":"SearchAction","target":{"@type":"EntryPoint","urlTemplate":"https:\/\/zum-plothenteich.de\/?s={search_term_string}"},"query-input":"required name=search_term_string"}],"inLanguage":"de"}]}},"_links":{"self":[{"href":"https:\/\/zum-plothenteich.de\/index.php\/wp-json\/wp\/v2\/pages\/91","targetHints":{"allow":["GET"]}}],"collection":[{"href":"https:\/\/zum-plothenteich.de\/index.php\/wp-json\/wp\/v2\/pages"}],"about":[{"href":"https:\/\/zum-plothenteich.de\/index.php\/wp-json\/wp\/v2\/types\/page"}],"author":[{"embeddable":true,"href":"https:\/\/zum-plothenteich.de\/index.php\/wp-json\/wp\/v2\/users\/3"}],"replies":[{"embeddable":true,"href":"https:\/\/zum-plothenteich.de\/index.php\/wp-json\/wp\/v2\/comments?post=91"}],"version-history":[{"count":17,"href":"https:\/\/zum-plothenteich.de\/index.php\/wp-json\/wp\/v2\/pages\/91\/revisions"}],"predecessor-version":[{"id":579,"href":"https:\/\/zum-plothenteich.de\/index.php\/wp-json\/wp\/v2\/pages\/91\/revisions\/579"}],"wp:attachment":[{"href":"https:\/\/zum-plothenteich.de\/index.php\/wp-json\/wp\/v2\/media?parent=91"}],"curies":[{"name":"wp","href":"https:\/\/api.w.org\/{rel}","templated":true}]}}