{"id":54,"date":"2021-10-05T11:26:31","date_gmt":"2021-10-05T11:26:31","guid":{"rendered":"https:\/\/zum-plothenteich.de\/?page_id=54"},"modified":"2026-01-11T12:45:01","modified_gmt":"2026-01-11T11:45:01","slug":"speisen-und-uebernachtung","status":"publish","type":"page","link":"https:\/\/zum-plothenteich.de\/index.php\/speisen-und-uebernachtung\/","title":{"rendered":"Speisen"},"content":{"rendered":"\n<p class=\"has-medium-font-size\">Im gem\u00fctlichen Restaurant verw\u00f6hnen wir Sie mit einer gutb\u00fcrgerlichen regionalen K\u00fcche und gepflegten Getr\u00e4nken. Zu unseren Spezialit\u00e4ten geh\u00f6rt neben anderen Fischgerichten der Karpfen, zubereitet nach Plothener Art, sowie unser hausgebackener Kuchen.<\/p>\n\n\n\n<h2 class=\"wp-block-heading\">Unsere aktuelle Speisekarte:<\/h2>\n\n\n\n<p class=\"has-text-align-center\"><\/p>\n\n\n\n<figure class=\"wp-block-image size-large\"><img loading=\"lazy\" decoding=\"async\" width=\"1024\" height=\"724\" src=\"https:\/\/zum-plothenteich.de\/wp-content\/uploads\/2026\/01\/Speisekarte_Januar_2026_A4_Querformat-1-1024x724.jpg\" alt=\"\" class=\"wp-image-591\" srcset=\"https:\/\/zum-plothenteich.de\/wp-content\/uploads\/2026\/01\/Speisekarte_Januar_2026_A4_Querformat-1-1024x724.jpg 1024w, https:\/\/zum-plothenteich.de\/wp-content\/uploads\/2026\/01\/Speisekarte_Januar_2026_A4_Querformat-1-300x212.jpg 300w, https:\/\/zum-plothenteich.de\/wp-content\/uploads\/2026\/01\/Speisekarte_Januar_2026_A4_Querformat-1-768x543.jpg 768w, https:\/\/zum-plothenteich.de\/wp-content\/uploads\/2026\/01\/Speisekarte_Januar_2026_A4_Querformat-1-1536x1086.jpg 1536w, https:\/\/zum-plothenteich.de\/wp-content\/uploads\/2026\/01\/Speisekarte_Januar_2026_A4_Querformat-1-2048x1448.jpg 2048w\" sizes=\"auto, (max-width: 706px) 89vw, (max-width: 767px) 82vw, 740px\" \/><\/figure>\n\n\n\n<p><\/p>\n","protected":false},"excerpt":{"rendered":"<p>Im gem\u00fctlichen Restaurant verw\u00f6hnen wir Sie mit einer gutb\u00fcrgerlichen regionalen K\u00fcche und gepflegten Getr\u00e4nken. Zu unseren Spezialit\u00e4ten geh\u00f6rt neben anderen Fischgerichten der Karpfen, zubereitet nach Plothener Art, sowie unser hausgebackener Kuchen. Unsere aktuelle Speisekarte:<\/p>\n","protected":false},"author":3,"featured_media":306,"parent":0,"menu_order":0,"comment_status":"closed","ping_status":"closed","template":"","meta":{"footnotes":""},"class_list":["post-54","page","type-page","status-publish","has-post-thumbnail","hentry"],"yoast_head":"<!-- This site is optimized with the Yoast SEO plugin v20.5 - https:\/\/yoast.com\/wordpress\/plugins\/seo\/ -->\n<title>Speisen - Gasthaus &quot;Zum Plothenteich&quot;<\/title>\n<meta name=\"robots\" content=\"index, follow, max-snippet:-1, max-image-preview:large, max-video-preview:-1\" \/>\n<link rel=\"canonical\" href=\"https:\/\/zum-plothenteich.de\/index.php\/speisen-und-uebernachtung\/\" \/>\n<meta property=\"og:locale\" content=\"de_DE\" \/>\n<meta property=\"og:type\" content=\"article\" \/>\n<meta property=\"og:title\" content=\"Speisen - Gasthaus &quot;Zum Plothenteich&quot;\" \/>\n<meta property=\"og:description\" content=\"Im gem\u00fctlichen Restaurant verw\u00f6hnen wir Sie mit einer gutb\u00fcrgerlichen regionalen K\u00fcche und gepflegten Getr\u00e4nken. Zu unseren Spezialit\u00e4ten geh\u00f6rt neben anderen Fischgerichten der Karpfen, zubereitet nach Plothener Art, sowie unser hausgebackener Kuchen. Unsere aktuelle Speisekarte:\" \/>\n<meta property=\"og:url\" content=\"https:\/\/zum-plothenteich.de\/index.php\/speisen-und-uebernachtung\/\" \/>\n<meta property=\"og:site_name\" content=\"Gasthaus &quot;Zum Plothenteich&quot;\" \/>\n<meta property=\"article:modified_time\" content=\"2026-01-11T11:45:01+00:00\" \/>\n<meta property=\"og:image\" content=\"https:\/\/zum-plothenteich.de\/wp-content\/uploads\/2021\/10\/IMG_20211024_115600.jpg\" \/>\n\t<meta property=\"og:image:width\" content=\"2000\" \/>\n\t<meta property=\"og:image:height\" content=\"1500\" \/>\n\t<meta property=\"og:image:type\" content=\"image\/jpeg\" \/>\n<meta name=\"twitter:card\" content=\"summary_large_image\" \/>\n<meta name=\"twitter:label1\" content=\"Gesch\u00e4tzte Lesezeit\" \/>\n\t<meta name=\"twitter:data1\" content=\"1\u00a0Minute\" \/>\n<script type=\"application\/ld+json\" class=\"yoast-schema-graph\">{\"@context\":\"https:\/\/schema.org\",\"@graph\":[{\"@type\":\"WebPage\",\"@id\":\"https:\/\/zum-plothenteich.de\/index.php\/speisen-und-uebernachtung\/\",\"url\":\"https:\/\/zum-plothenteich.de\/index.php\/speisen-und-uebernachtung\/\",\"name\":\"Speisen - Gasthaus &quot;Zum Plothenteich&quot;\",\"isPartOf\":{\"@id\":\"https:\/\/zum-plothenteich.de\/#website\"},\"datePublished\":\"2021-10-05T11:26:31+00:00\",\"dateModified\":\"2026-01-11T11:45:01+00:00\",\"breadcrumb\":{\"@id\":\"https:\/\/zum-plothenteich.de\/index.php\/speisen-und-uebernachtung\/#breadcrumb\"},\"inLanguage\":\"de\",\"potentialAction\":[{\"@type\":\"ReadAction\",\"target\":[\"https:\/\/zum-plothenteich.de\/index.php\/speisen-und-uebernachtung\/\"]}]},{\"@type\":\"BreadcrumbList\",\"@id\":\"https:\/\/zum-plothenteich.de\/index.php\/speisen-und-uebernachtung\/#breadcrumb\",\"itemListElement\":[{\"@type\":\"ListItem\",\"position\":1,\"name\":\"Startseite\",\"item\":\"https:\/\/zum-plothenteich.de\/\"},{\"@type\":\"ListItem\",\"position\":2,\"name\":\"Speisen\"}]},{\"@type\":\"WebSite\",\"@id\":\"https:\/\/zum-plothenteich.de\/#website\",\"url\":\"https:\/\/zum-plothenteich.de\/\",\"name\":\"Gasthaus &quot;Zum Plothenteich&quot;\",\"description\":\"Gut essen im &quot;Land der tausend Teiche&quot;\",\"potentialAction\":[{\"@type\":\"SearchAction\",\"target\":{\"@type\":\"EntryPoint\",\"urlTemplate\":\"https:\/\/zum-plothenteich.de\/?s={search_term_string}\"},\"query-input\":\"required name=search_term_string\"}],\"inLanguage\":\"de\"}]}<\/script>\n<!-- \/ Yoast SEO plugin. -->","yoast_head_json":{"title":"Speisen - Gasthaus &quot;Zum Plothenteich&quot;","robots":{"index":"index","follow":"follow","max-snippet":"max-snippet:-1","max-image-preview":"max-image-preview:large","max-video-preview":"max-video-preview:-1"},"canonical":"https:\/\/zum-plothenteich.de\/index.php\/speisen-und-uebernachtung\/","og_locale":"de_DE","og_type":"article","og_title":"Speisen - Gasthaus &quot;Zum Plothenteich&quot;","og_description":"Im gem\u00fctlichen Restaurant verw\u00f6hnen wir Sie mit einer gutb\u00fcrgerlichen regionalen K\u00fcche und gepflegten Getr\u00e4nken. Zu unseren Spezialit\u00e4ten geh\u00f6rt neben anderen Fischgerichten der Karpfen, zubereitet nach Plothener Art, sowie unser hausgebackener Kuchen. Unsere aktuelle Speisekarte:","og_url":"https:\/\/zum-plothenteich.de\/index.php\/speisen-und-uebernachtung\/","og_site_name":"Gasthaus &quot;Zum Plothenteich&quot;","article_modified_time":"2026-01-11T11:45:01+00:00","og_image":[{"width":2000,"height":1500,"url":"https:\/\/zum-plothenteich.de\/wp-content\/uploads\/2021\/10\/IMG_20211024_115600.jpg","type":"image\/jpeg"}],"twitter_card":"summary_large_image","twitter_misc":{"Gesch\u00e4tzte Lesezeit":"1\u00a0Minute"},"schema":{"@context":"https:\/\/schema.org","@graph":[{"@type":"WebPage","@id":"https:\/\/zum-plothenteich.de\/index.php\/speisen-und-uebernachtung\/","url":"https:\/\/zum-plothenteich.de\/index.php\/speisen-und-uebernachtung\/","name":"Speisen - Gasthaus &quot;Zum Plothenteich&quot;","isPartOf":{"@id":"https:\/\/zum-plothenteich.de\/#website"},"datePublished":"2021-10-05T11:26:31+00:00","dateModified":"2026-01-11T11:45:01+00:00","breadcrumb":{"@id":"https:\/\/zum-plothenteich.de\/index.php\/speisen-und-uebernachtung\/#breadcrumb"},"inLanguage":"de","potentialAction":[{"@type":"ReadAction","target":["https:\/\/zum-plothenteich.de\/index.php\/speisen-und-uebernachtung\/"]}]},{"@type":"BreadcrumbList","@id":"https:\/\/zum-plothenteich.de\/index.php\/speisen-und-uebernachtung\/#breadcrumb","itemListElement":[{"@type":"ListItem","position":1,"name":"Startseite","item":"https:\/\/zum-plothenteich.de\/"},{"@type":"ListItem","position":2,"name":"Speisen"}]},{"@type":"WebSite","@id":"https:\/\/zum-plothenteich.de\/#website","url":"https:\/\/zum-plothenteich.de\/","name":"Gasthaus &quot;Zum Plothenteich&quot;","description":"Gut essen im &quot;Land der tausend Teiche&quot;","potentialAction":[{"@type":"SearchAction","target":{"@type":"EntryPoint","urlTemplate":"https:\/\/zum-plothenteich.de\/?s={search_term_string}"},"query-input":"required name=search_term_string"}],"inLanguage":"de"}]}},"_links":{"self":[{"href":"https:\/\/zum-plothenteich.de\/index.php\/wp-json\/wp\/v2\/pages\/54","targetHints":{"allow":["GET"]}}],"collection":[{"href":"https:\/\/zum-plothenteich.de\/index.php\/wp-json\/wp\/v2\/pages"}],"about":[{"href":"https:\/\/zum-plothenteich.de\/index.php\/wp-json\/wp\/v2\/types\/page"}],"author":[{"embeddable":true,"href":"https:\/\/zum-plothenteich.de\/index.php\/wp-json\/wp\/v2\/users\/3"}],"replies":[{"embeddable":true,"href":"https:\/\/zum-plothenteich.de\/index.php\/wp-json\/wp\/v2\/comments?post=54"}],"version-history":[{"count":22,"href":"https:\/\/zum-plothenteich.de\/index.php\/wp-json\/wp\/v2\/pages\/54\/revisions"}],"predecessor-version":[{"id":593,"href":"https:\/\/zum-plothenteich.de\/index.php\/wp-json\/wp\/v2\/pages\/54\/revisions\/593"}],"wp:featuredmedia":[{"embeddable":true,"href":"https:\/\/zum-plothenteich.de\/index.php\/wp-json\/wp\/v2\/media\/306"}],"wp:attachment":[{"href":"https:\/\/zum-plothenteich.de\/index.php\/wp-json\/wp\/v2\/media?parent=54"}],"curies":[{"name":"wp","href":"https:\/\/api.w.org\/{rel}","templated":true}]}}