{"id":481,"date":"2023-04-25T13:15:24","date_gmt":"2023-04-25T11:15:24","guid":{"rendered":"https:\/\/zum-plothenteich.de\/?page_id=481"},"modified":"2023-04-25T19:52:34","modified_gmt":"2023-04-25T17:52:34","slug":"genusspaket-land-der-1000-teiche","status":"publish","type":"page","link":"https:\/\/zum-plothenteich.de\/index.php\/genusspaket-land-der-1000-teiche\/","title":{"rendered":"Genusspaket &#8222;Land der 1000 Teiche&#8220;"},"content":{"rendered":"\n<p>Seit April 2023 bieten wir im Gasthaus &#8222;Zum Plothenteich&#8220; Genusspakete f\u00fcr Wanderungen im Plothener Teichgebiet an.<\/p>\n\n\n\n<figure class=\"wp-block-image size-large\"><img loading=\"lazy\" decoding=\"async\" width=\"1024\" height=\"695\" src=\"https:\/\/zum-plothenteich.de\/wp-content\/uploads\/2023\/04\/IMG_3960-1024x695.jpg\" alt=\"\" class=\"wp-image-485\" srcset=\"https:\/\/zum-plothenteich.de\/wp-content\/uploads\/2023\/04\/IMG_3960-1024x695.jpg 1024w, https:\/\/zum-plothenteich.de\/wp-content\/uploads\/2023\/04\/IMG_3960-300x204.jpg 300w, https:\/\/zum-plothenteich.de\/wp-content\/uploads\/2023\/04\/IMG_3960-768x521.jpg 768w, https:\/\/zum-plothenteich.de\/wp-content\/uploads\/2023\/04\/IMG_3960-1536x1042.jpg 1536w, https:\/\/zum-plothenteich.de\/wp-content\/uploads\/2023\/04\/IMG_3960-2048x1389.jpg 2048w\" sizes=\"auto, (max-width: 706px) 89vw, (max-width: 767px) 82vw, 740px\" \/><\/figure>\n\n\n\n<p>Gemeinsam mit dem Tourismusverbund Rennsteig-Saaleland haben wir ein Genusspaket entwickelt welches Regionalit\u00e4t und Nachhaltigkeit verbindet.<\/p>\n\n\n\n<p>Die Genusspakete k\u00f6nnen am Vortag bis 18:00 Uhr unter 036648\/22243 vorbestellt und am n\u00f6chsten Tag nach Terminabsprache abgeholt werden. <br>Das Genusspaket kostet 6,00 \u20ac zzgl. 1\u20ac Pfand f\u00fcr den M\u00fcllbeutel. <\/p>\n\n\n\n<p>Sie k\u00f6nnen w\u00e4hlen zwischen <\/p>\n\n\n\n<p>Genusspaket &#8222;<em><strong>Hausteich<\/strong><\/em>&#8222;<br>      &#8211; 1 hartgekochtes Ei<br>      &#8211; belegtes Br\u00f6tchen mit hausger\u00e4uchertem Forellenfilet<br>      &#8211;  1 Apfel<br>      &#8211; Getr\u00e4nk nach Wahl<\/p>\n\n\n\n<figure class=\"wp-block-image size-large\"><img loading=\"lazy\" decoding=\"async\" width=\"1024\" height=\"904\" src=\"https:\/\/zum-plothenteich.de\/wp-content\/uploads\/2023\/04\/IMG_3938-1024x904.jpg\" alt=\"\" class=\"wp-image-482\" srcset=\"https:\/\/zum-plothenteich.de\/wp-content\/uploads\/2023\/04\/IMG_3938-1024x904.jpg 1024w, https:\/\/zum-plothenteich.de\/wp-content\/uploads\/2023\/04\/IMG_3938-300x265.jpg 300w, https:\/\/zum-plothenteich.de\/wp-content\/uploads\/2023\/04\/IMG_3938-768x678.jpg 768w, https:\/\/zum-plothenteich.de\/wp-content\/uploads\/2023\/04\/IMG_3938-1536x1357.jpg 1536w, https:\/\/zum-plothenteich.de\/wp-content\/uploads\/2023\/04\/IMG_3938-2048x1809.jpg 2048w\" sizes=\"auto, (max-width: 706px) 89vw, (max-width: 767px) 82vw, 740px\" \/><figcaption class=\"wp-element-caption\">Genusspaket &#8222;Hausteich&#8220;<\/figcaption><\/figure>\n\n\n\n<p><\/p>\n\n\n\n<p><\/p>\n\n\n\n<p><\/p>\n\n\n\n<p>Genusspaket &#8222;<em><strong>Plothenh\u00f6lzer<\/strong><\/em>&#8222;<br>      &#8211; 1 hartgekochtes Ei<br>      &#8211; belegtes Br\u00f6tchen mit hausgemachter Wildfrikadelle<br>      &#8211;  1 Apfel<br>      &#8211; Getr\u00e4nk nach Wahl<\/p>\n\n\n\n<figure class=\"wp-block-image size-large\"><img loading=\"lazy\" decoding=\"async\" width=\"1024\" height=\"978\" src=\"https:\/\/zum-plothenteich.de\/wp-content\/uploads\/2023\/04\/IMG_3950-1024x978.jpg\" alt=\"\" class=\"wp-image-483\" srcset=\"https:\/\/zum-plothenteich.de\/wp-content\/uploads\/2023\/04\/IMG_3950-1024x978.jpg 1024w, https:\/\/zum-plothenteich.de\/wp-content\/uploads\/2023\/04\/IMG_3950-300x287.jpg 300w, https:\/\/zum-plothenteich.de\/wp-content\/uploads\/2023\/04\/IMG_3950-768x734.jpg 768w, https:\/\/zum-plothenteich.de\/wp-content\/uploads\/2023\/04\/IMG_3950-1536x1468.jpg 1536w, https:\/\/zum-plothenteich.de\/wp-content\/uploads\/2023\/04\/IMG_3950-2048x1957.jpg 2048w\" sizes=\"auto, (max-width: 706px) 89vw, (max-width: 767px) 82vw, 740px\" \/><figcaption class=\"wp-element-caption\">Genusspaket &#8222;Plothenh\u00f6lzer&#8220;<\/figcaption><\/figure>\n\n\n\n<p><\/p>\n\n\n\n<p><\/p>\n\n\n\n<p><\/p>\n\n\n\n<p>Genusspaket &#8222;<em><strong>Oberland<\/strong><\/em>&#8222;<br>      &#8211; 1 hartgekochtes Ei<br>      &#8211; belegtes Br\u00f6tchen mit Dittersdorfer Schmeckling (Schwarzk\u00fcmmel und Zwiebel)<br>      &#8211;  1 Apfel<br>      &#8211; Getr\u00e4nk nach Wahl<\/p>\n\n\n\n<figure class=\"wp-block-image size-large\"><img loading=\"lazy\" decoding=\"async\" width=\"832\" height=\"1024\" src=\"https:\/\/zum-plothenteich.de\/wp-content\/uploads\/2023\/04\/IMG_3944-832x1024.jpg\" alt=\"\" class=\"wp-image-484\" srcset=\"https:\/\/zum-plothenteich.de\/wp-content\/uploads\/2023\/04\/IMG_3944-832x1024.jpg 832w, https:\/\/zum-plothenteich.de\/wp-content\/uploads\/2023\/04\/IMG_3944-244x300.jpg 244w, https:\/\/zum-plothenteich.de\/wp-content\/uploads\/2023\/04\/IMG_3944-768x946.jpg 768w, https:\/\/zum-plothenteich.de\/wp-content\/uploads\/2023\/04\/IMG_3944-1247x1536.jpg 1247w, https:\/\/zum-plothenteich.de\/wp-content\/uploads\/2023\/04\/IMG_3944-1663x2048.jpg 1663w\" sizes=\"auto, (max-width: 706px) 89vw, (max-width: 767px) 82vw, 740px\" \/><figcaption class=\"wp-element-caption\">Genusspaket &#8222;Oberland&#8220;<\/figcaption><\/figure>\n\n\n\n<p><\/p>\n\n\n\n<p>Als Getr\u00e4nke stehen zur Wahl:<br>         P\u00f6\u00dfnecker Pils 0,33l (auch alkoholfrei erh\u00e4ltlich)<br>         P\u00f6\u00dfnecker Radler naturtr\u00fcb 0,33l (auch alkoholfrei erh\u00e4ltlich)<br>         Bad Brambacher Wasser 0,5l still oder spritzig<br>         Bad Brambacher Cola, Zitronenlimonade oder Apfelschorle 0,5l <\/p>\n","protected":false},"excerpt":{"rendered":"<p>Seit April 2023 bieten wir im Gasthaus &#8222;Zum Plothenteich&#8220; Genusspakete f\u00fcr Wanderungen im Plothener Teichgebiet an. Gemeinsam mit dem Tourismusverbund Rennsteig-Saaleland haben wir ein Genusspaket entwickelt welches Regionalit\u00e4t und Nachhaltigkeit verbindet. Die Genusspakete k\u00f6nnen am Vortag bis 18:00 Uhr unter 036648\/22243 vorbestellt und am n\u00f6chsten Tag nach Terminabsprache abgeholt werden. Das Genusspaket kostet 6,00 \u20ac &hellip; <\/p>\n<p class=\"link-more\"><a href=\"https:\/\/zum-plothenteich.de\/index.php\/genusspaket-land-der-1000-teiche\/\" class=\"more-link\"><span class=\"screen-reader-text\">\u201eGenusspaket &#8222;Land der 1000 Teiche&#8220;\u201c<\/span> weiterlesen<\/a><\/p>\n","protected":false},"author":4,"featured_media":0,"parent":0,"menu_order":0,"comment_status":"closed","ping_status":"closed","template":"","meta":{"footnotes":""},"class_list":["post-481","page","type-page","status-publish","hentry"],"yoast_head":"<!-- This site is optimized with the Yoast SEO plugin v20.5 - https:\/\/yoast.com\/wordpress\/plugins\/seo\/ -->\n<title>Genusspaket &quot;Land der 1000 Teiche&quot; - Gasthaus &quot;Zum Plothenteich&quot;<\/title>\n<meta name=\"robots\" content=\"index, follow, max-snippet:-1, max-image-preview:large, max-video-preview:-1\" \/>\n<link rel=\"canonical\" href=\"https:\/\/zum-plothenteich.de\/index.php\/genusspaket-land-der-1000-teiche\/\" \/>\n<meta property=\"og:locale\" content=\"de_DE\" \/>\n<meta property=\"og:type\" content=\"article\" \/>\n<meta property=\"og:title\" content=\"Genusspaket &quot;Land der 1000 Teiche&quot; - Gasthaus &quot;Zum Plothenteich&quot;\" \/>\n<meta property=\"og:description\" content=\"Seit April 2023 bieten wir im Gasthaus &#8222;Zum Plothenteich&#8220; Genusspakete f\u00fcr Wanderungen im Plothener Teichgebiet an. Gemeinsam mit dem Tourismusverbund Rennsteig-Saaleland haben wir ein Genusspaket entwickelt welches Regionalit\u00e4t und Nachhaltigkeit verbindet. Die Genusspakete k\u00f6nnen am Vortag bis 18:00 Uhr unter 036648\/22243 vorbestellt und am n\u00f6chsten Tag nach Terminabsprache abgeholt werden. Das Genusspaket kostet 6,00 \u20ac &hellip; \u201eGenusspaket &#8222;Land der 1000 Teiche&#8220;\u201c weiterlesen\" \/>\n<meta property=\"og:url\" content=\"https:\/\/zum-plothenteich.de\/index.php\/genusspaket-land-der-1000-teiche\/\" \/>\n<meta property=\"og:site_name\" content=\"Gasthaus &quot;Zum Plothenteich&quot;\" \/>\n<meta property=\"article:modified_time\" content=\"2023-04-25T17:52:34+00:00\" \/>\n<meta property=\"og:image\" content=\"https:\/\/zum-plothenteich.de\/wp-content\/uploads\/2023\/04\/IMG_3960-1024x695.jpg\" \/>\n<meta name=\"twitter:card\" content=\"summary_large_image\" \/>\n<meta name=\"twitter:label1\" content=\"Gesch\u00e4tzte Lesezeit\" \/>\n\t<meta name=\"twitter:data1\" content=\"2\u00a0Minuten\" \/>\n<script type=\"application\/ld+json\" class=\"yoast-schema-graph\">{\"@context\":\"https:\/\/schema.org\",\"@graph\":[{\"@type\":\"WebPage\",\"@id\":\"https:\/\/zum-plothenteich.de\/index.php\/genusspaket-land-der-1000-teiche\/\",\"url\":\"https:\/\/zum-plothenteich.de\/index.php\/genusspaket-land-der-1000-teiche\/\",\"name\":\"Genusspaket \\\"Land der 1000 Teiche\\\" - Gasthaus &quot;Zum Plothenteich&quot;\",\"isPartOf\":{\"@id\":\"https:\/\/zum-plothenteich.de\/#website\"},\"datePublished\":\"2023-04-25T11:15:24+00:00\",\"dateModified\":\"2023-04-25T17:52:34+00:00\",\"breadcrumb\":{\"@id\":\"https:\/\/zum-plothenteich.de\/index.php\/genusspaket-land-der-1000-teiche\/#breadcrumb\"},\"inLanguage\":\"de\",\"potentialAction\":[{\"@type\":\"ReadAction\",\"target\":[\"https:\/\/zum-plothenteich.de\/index.php\/genusspaket-land-der-1000-teiche\/\"]}]},{\"@type\":\"BreadcrumbList\",\"@id\":\"https:\/\/zum-plothenteich.de\/index.php\/genusspaket-land-der-1000-teiche\/#breadcrumb\",\"itemListElement\":[{\"@type\":\"ListItem\",\"position\":1,\"name\":\"Startseite\",\"item\":\"https:\/\/zum-plothenteich.de\/\"},{\"@type\":\"ListItem\",\"position\":2,\"name\":\"Genusspaket &#8222;Land der 1000 Teiche&#8220;\"}]},{\"@type\":\"WebSite\",\"@id\":\"https:\/\/zum-plothenteich.de\/#website\",\"url\":\"https:\/\/zum-plothenteich.de\/\",\"name\":\"Gasthaus &quot;Zum Plothenteich&quot;\",\"description\":\"Gut essen im &quot;Land der tausend Teiche&quot;\",\"potentialAction\":[{\"@type\":\"SearchAction\",\"target\":{\"@type\":\"EntryPoint\",\"urlTemplate\":\"https:\/\/zum-plothenteich.de\/?s={search_term_string}\"},\"query-input\":\"required name=search_term_string\"}],\"inLanguage\":\"de\"}]}<\/script>\n<!-- \/ Yoast SEO plugin. -->","yoast_head_json":{"title":"Genusspaket \"Land der 1000 Teiche\" - Gasthaus &quot;Zum Plothenteich&quot;","robots":{"index":"index","follow":"follow","max-snippet":"max-snippet:-1","max-image-preview":"max-image-preview:large","max-video-preview":"max-video-preview:-1"},"canonical":"https:\/\/zum-plothenteich.de\/index.php\/genusspaket-land-der-1000-teiche\/","og_locale":"de_DE","og_type":"article","og_title":"Genusspaket \"Land der 1000 Teiche\" - Gasthaus &quot;Zum Plothenteich&quot;","og_description":"Seit April 2023 bieten wir im Gasthaus &#8222;Zum Plothenteich&#8220; Genusspakete f\u00fcr Wanderungen im Plothener Teichgebiet an. Gemeinsam mit dem Tourismusverbund Rennsteig-Saaleland haben wir ein Genusspaket entwickelt welches Regionalit\u00e4t und Nachhaltigkeit verbindet. Die Genusspakete k\u00f6nnen am Vortag bis 18:00 Uhr unter 036648\/22243 vorbestellt und am n\u00f6chsten Tag nach Terminabsprache abgeholt werden. Das Genusspaket kostet 6,00 \u20ac &hellip; \u201eGenusspaket &#8222;Land der 1000 Teiche&#8220;\u201c weiterlesen","og_url":"https:\/\/zum-plothenteich.de\/index.php\/genusspaket-land-der-1000-teiche\/","og_site_name":"Gasthaus &quot;Zum Plothenteich&quot;","article_modified_time":"2023-04-25T17:52:34+00:00","og_image":[{"url":"https:\/\/zum-plothenteich.de\/wp-content\/uploads\/2023\/04\/IMG_3960-1024x695.jpg"}],"twitter_card":"summary_large_image","twitter_misc":{"Gesch\u00e4tzte Lesezeit":"2\u00a0Minuten"},"schema":{"@context":"https:\/\/schema.org","@graph":[{"@type":"WebPage","@id":"https:\/\/zum-plothenteich.de\/index.php\/genusspaket-land-der-1000-teiche\/","url":"https:\/\/zum-plothenteich.de\/index.php\/genusspaket-land-der-1000-teiche\/","name":"Genusspaket \"Land der 1000 Teiche\" - Gasthaus &quot;Zum Plothenteich&quot;","isPartOf":{"@id":"https:\/\/zum-plothenteich.de\/#website"},"datePublished":"2023-04-25T11:15:24+00:00","dateModified":"2023-04-25T17:52:34+00:00","breadcrumb":{"@id":"https:\/\/zum-plothenteich.de\/index.php\/genusspaket-land-der-1000-teiche\/#breadcrumb"},"inLanguage":"de","potentialAction":[{"@type":"ReadAction","target":["https:\/\/zum-plothenteich.de\/index.php\/genusspaket-land-der-1000-teiche\/"]}]},{"@type":"BreadcrumbList","@id":"https:\/\/zum-plothenteich.de\/index.php\/genusspaket-land-der-1000-teiche\/#breadcrumb","itemListElement":[{"@type":"ListItem","position":1,"name":"Startseite","item":"https:\/\/zum-plothenteich.de\/"},{"@type":"ListItem","position":2,"name":"Genusspaket &#8222;Land der 1000 Teiche&#8220;"}]},{"@type":"WebSite","@id":"https:\/\/zum-plothenteich.de\/#website","url":"https:\/\/zum-plothenteich.de\/","name":"Gasthaus &quot;Zum Plothenteich&quot;","description":"Gut essen im &quot;Land der tausend Teiche&quot;","potentialAction":[{"@type":"SearchAction","target":{"@type":"EntryPoint","urlTemplate":"https:\/\/zum-plothenteich.de\/?s={search_term_string}"},"query-input":"required name=search_term_string"}],"inLanguage":"de"}]}},"_links":{"self":[{"href":"https:\/\/zum-plothenteich.de\/index.php\/wp-json\/wp\/v2\/pages\/481","targetHints":{"allow":["GET"]}}],"collection":[{"href":"https:\/\/zum-plothenteich.de\/index.php\/wp-json\/wp\/v2\/pages"}],"about":[{"href":"https:\/\/zum-plothenteich.de\/index.php\/wp-json\/wp\/v2\/types\/page"}],"author":[{"embeddable":true,"href":"https:\/\/zum-plothenteich.de\/index.php\/wp-json\/wp\/v2\/users\/4"}],"replies":[{"embeddable":true,"href":"https:\/\/zum-plothenteich.de\/index.php\/wp-json\/wp\/v2\/comments?post=481"}],"version-history":[{"count":2,"href":"https:\/\/zum-plothenteich.de\/index.php\/wp-json\/wp\/v2\/pages\/481\/revisions"}],"predecessor-version":[{"id":492,"href":"https:\/\/zum-plothenteich.de\/index.php\/wp-json\/wp\/v2\/pages\/481\/revisions\/492"}],"wp:attachment":[{"href":"https:\/\/zum-plothenteich.de\/index.php\/wp-json\/wp\/v2\/media?parent=481"}],"curies":[{"name":"wp","href":"https:\/\/api.w.org\/{rel}","templated":true}]}}