{"id":37,"date":"2021-10-05T07:43:43","date_gmt":"2021-10-05T07:43:43","guid":{"rendered":"https:\/\/zum-plothenteich.de\/?page_id=37"},"modified":"2026-01-11T12:47:39","modified_gmt":"2026-01-11T11:47:39","slug":"ueber-uns","status":"publish","type":"page","link":"https:\/\/zum-plothenteich.de\/","title":{"rendered":"\u00dcber uns"},"content":{"rendered":"\t\t<div data-elementor-type=\"wp-page\" data-elementor-id=\"37\" class=\"elementor elementor-37\">\n\t\t\t\t\t\t\t\t\t<section class=\"elementor-section elementor-top-section elementor-element elementor-element-5afc7f49 elementor-section-boxed elementor-section-height-default elementor-section-height-default\" data-id=\"5afc7f49\" data-element_type=\"section\">\n\t\t\t\t\t\t<div class=\"elementor-container elementor-column-gap-default\">\n\t\t\t\t\t<div class=\"elementor-column elementor-col-100 elementor-top-column elementor-element elementor-element-38db9227\" data-id=\"38db9227\" data-element_type=\"column\">\n\t\t\t<div class=\"elementor-widget-wrap elementor-element-populated\">\n\t\t\t\t\t\t\t\t<div class=\"elementor-element elementor-element-3d716f8 elementor-widget elementor-widget-text-editor\" data-id=\"3d716f8\" data-element_type=\"widget\" data-widget_type=\"text-editor.default\">\n\t\t\t\t<div class=\"elementor-widget-container\">\n\t\t\t<style>\/*! elementor - v3.12.2 - 23-04-2023 *\/\n.elementor-widget-text-editor.elementor-drop-cap-view-stacked .elementor-drop-cap{background-color:#69727d;color:#fff}.elementor-widget-text-editor.elementor-drop-cap-view-framed .elementor-drop-cap{color:#69727d;border:3px solid;background-color:transparent}.elementor-widget-text-editor:not(.elementor-drop-cap-view-default) .elementor-drop-cap{margin-top:8px}.elementor-widget-text-editor:not(.elementor-drop-cap-view-default) .elementor-drop-cap-letter{width:1em;height:1em}.elementor-widget-text-editor .elementor-drop-cap{float:left;text-align:center;line-height:1;font-size:50px}.elementor-widget-text-editor .elementor-drop-cap-letter{display:inline-block}<\/style>\t\t\t\t<p>\u00a0<\/p>\n<div>\u00a0<\/div>\n<div>\u00a0<\/div>\n<div>\u00a0<\/div>\n<div>\u00a0<\/div>\n<div>\u00a0<\/div>\n<div>\u00a0<\/div>\n<div>A<\/div>\t\t\t\t\t\t<\/div>\n\t\t\t\t<\/div>\n\t\t\t\t<div class=\"elementor-element elementor-element-c97687a elementor-widget elementor-widget-text-editor\" data-id=\"c97687a\" data-element_type=\"widget\" data-widget_type=\"text-editor.default\">\n\t\t\t\t<div class=\"elementor-widget-container\">\n\t\t\t\t\t\t\t<!-- wp:paragraph {\"fontSize\":\"medium\"} -->\n<p class=\"has-medium-font-size\">Das Gasthaus \u201eZum Plothenteich\u201c ist bereits seit 1884 im Besitz der\u00a0<strong>Familie Semmler<\/strong>, die das Haus den heutigen Anforderungen angepasst und sich mit traditionsreicher und umweltbewusster Gastronomie einen Namen im Landschaftsschutzgebiet \u201ePlothener Teichgebiet\u201c geschaffen hat. <\/p>\n<!-- \/wp:paragraph -->\n\n<!-- wp:paragraph {\"fontSize\":\"medium\"} -->\n<p class=\"has-medium-font-size\">Wir verw\u00f6hnen sie mit Th\u00fcringer regionaler K\u00fcche. Die von uns verwendeten Produkte stammen vorwiegend aus der Region. Mit neuen Ideen und k\u00f6stlichen Kompositionen werden diese Spezialit\u00e4ten von unserer jungen Kochgeneration neu und modern interpretiert.<\/p>\n<!-- \/wp:paragraph -->\t\t\t\t\t\t<\/div>\n\t\t\t\t<\/div>\n\t\t\t\t\t<\/div>\n\t\t<\/div>\n\t\t\t\t\t\t\t<\/div>\n\t\t<\/section>\n\t\t\t\t\t\t\t<\/div>\n\t\t","protected":false},"excerpt":{"rendered":"<p>\u00a0 \u00a0 \u00a0 \u00a0 \u00a0 \u00a0 \u00a0 A Das Gasthaus \u201eZum Plothenteich\u201c ist bereits seit 1884 im Besitz der\u00a0Familie Semmler, die das Haus den heutigen Anforderungen angepasst und sich mit traditionsreicher und umweltbewusster Gastronomie einen Namen im Landschaftsschutzgebiet \u201ePlothener Teichgebiet\u201c geschaffen hat. Wir verw\u00f6hnen sie mit Th\u00fcringer regionaler K\u00fcche. Die von uns verwendeten Produkte stammen &hellip; <\/p>\n<p class=\"link-more\"><a href=\"https:\/\/zum-plothenteich.de\/\" class=\"more-link\"><span class=\"screen-reader-text\">\u201e\u00dcber uns\u201c<\/span> weiterlesen<\/a><\/p>\n","protected":false},"author":3,"featured_media":0,"parent":0,"menu_order":0,"comment_status":"closed","ping_status":"closed","template":"","meta":{"footnotes":""},"class_list":["post-37","page","type-page","status-publish","hentry"],"yoast_head":"<!-- This site is optimized with the Yoast SEO plugin v20.5 - https:\/\/yoast.com\/wordpress\/plugins\/seo\/ -->\n<title>\u00dcber uns - Gasthaus &quot;Zum Plothenteich&quot;<\/title>\n<meta name=\"robots\" content=\"index, follow, max-snippet:-1, max-image-preview:large, max-video-preview:-1\" \/>\n<link rel=\"canonical\" href=\"https:\/\/zum-plothenteich.de\/\" \/>\n<meta property=\"og:locale\" content=\"de_DE\" \/>\n<meta property=\"og:type\" content=\"article\" \/>\n<meta property=\"og:title\" content=\"\u00dcber uns - Gasthaus &quot;Zum Plothenteich&quot;\" \/>\n<meta property=\"og:description\" content=\"\u00a0 \u00a0 \u00a0 \u00a0 \u00a0 \u00a0 \u00a0 A Das Gasthaus \u201eZum Plothenteich\u201c ist bereits seit 1884 im Besitz der\u00a0Familie Semmler, die das Haus den heutigen Anforderungen angepasst und sich mit traditionsreicher und umweltbewusster Gastronomie einen Namen im Landschaftsschutzgebiet \u201ePlothener Teichgebiet\u201c geschaffen hat. Wir verw\u00f6hnen sie mit Th\u00fcringer regionaler K\u00fcche. Die von uns verwendeten Produkte stammen &hellip; \u201e\u00dcber uns\u201c weiterlesen\" \/>\n<meta property=\"og:url\" content=\"https:\/\/zum-plothenteich.de\/\" \/>\n<meta property=\"og:site_name\" content=\"Gasthaus &quot;Zum Plothenteich&quot;\" \/>\n<meta property=\"article:modified_time\" content=\"2026-01-11T11:47:39+00:00\" \/>\n<meta name=\"twitter:card\" content=\"summary_large_image\" \/>\n<meta name=\"twitter:label1\" content=\"Gesch\u00e4tzte Lesezeit\" \/>\n\t<meta name=\"twitter:data1\" content=\"1\u00a0Minute\" \/>\n<script type=\"application\/ld+json\" class=\"yoast-schema-graph\">{\"@context\":\"https:\/\/schema.org\",\"@graph\":[{\"@type\":\"WebPage\",\"@id\":\"https:\/\/zum-plothenteich.de\/\",\"url\":\"https:\/\/zum-plothenteich.de\/\",\"name\":\"\u00dcber uns - Gasthaus &quot;Zum Plothenteich&quot;\",\"isPartOf\":{\"@id\":\"https:\/\/zum-plothenteich.de\/#website\"},\"datePublished\":\"2021-10-05T07:43:43+00:00\",\"dateModified\":\"2026-01-11T11:47:39+00:00\",\"breadcrumb\":{\"@id\":\"https:\/\/zum-plothenteich.de\/#breadcrumb\"},\"inLanguage\":\"de\",\"potentialAction\":[{\"@type\":\"ReadAction\",\"target\":[\"https:\/\/zum-plothenteich.de\/\"]}]},{\"@type\":\"BreadcrumbList\",\"@id\":\"https:\/\/zum-plothenteich.de\/#breadcrumb\",\"itemListElement\":[{\"@type\":\"ListItem\",\"position\":1,\"name\":\"Startseite\",\"item\":\"https:\/\/zum-plothenteich.de\/\"},{\"@type\":\"ListItem\",\"position\":2,\"name\":\"\u00dcber uns\"}]},{\"@type\":\"WebSite\",\"@id\":\"https:\/\/zum-plothenteich.de\/#website\",\"url\":\"https:\/\/zum-plothenteich.de\/\",\"name\":\"Gasthaus &quot;Zum Plothenteich&quot;\",\"description\":\"Gut essen im &quot;Land der tausend Teiche&quot;\",\"potentialAction\":[{\"@type\":\"SearchAction\",\"target\":{\"@type\":\"EntryPoint\",\"urlTemplate\":\"https:\/\/zum-plothenteich.de\/?s={search_term_string}\"},\"query-input\":\"required name=search_term_string\"}],\"inLanguage\":\"de\"}]}<\/script>\n<!-- \/ Yoast SEO plugin. -->","yoast_head_json":{"title":"\u00dcber uns - Gasthaus &quot;Zum Plothenteich&quot;","robots":{"index":"index","follow":"follow","max-snippet":"max-snippet:-1","max-image-preview":"max-image-preview:large","max-video-preview":"max-video-preview:-1"},"canonical":"https:\/\/zum-plothenteich.de\/","og_locale":"de_DE","og_type":"article","og_title":"\u00dcber uns - Gasthaus &quot;Zum Plothenteich&quot;","og_description":"\u00a0 \u00a0 \u00a0 \u00a0 \u00a0 \u00a0 \u00a0 A Das Gasthaus \u201eZum Plothenteich\u201c ist bereits seit 1884 im Besitz der\u00a0Familie Semmler, die das Haus den heutigen Anforderungen angepasst und sich mit traditionsreicher und umweltbewusster Gastronomie einen Namen im Landschaftsschutzgebiet \u201ePlothener Teichgebiet\u201c geschaffen hat. Wir verw\u00f6hnen sie mit Th\u00fcringer regionaler K\u00fcche. Die von uns verwendeten Produkte stammen &hellip; \u201e\u00dcber uns\u201c weiterlesen","og_url":"https:\/\/zum-plothenteich.de\/","og_site_name":"Gasthaus &quot;Zum Plothenteich&quot;","article_modified_time":"2026-01-11T11:47:39+00:00","twitter_card":"summary_large_image","twitter_misc":{"Gesch\u00e4tzte Lesezeit":"1\u00a0Minute"},"schema":{"@context":"https:\/\/schema.org","@graph":[{"@type":"WebPage","@id":"https:\/\/zum-plothenteich.de\/","url":"https:\/\/zum-plothenteich.de\/","name":"\u00dcber uns - Gasthaus &quot;Zum Plothenteich&quot;","isPartOf":{"@id":"https:\/\/zum-plothenteich.de\/#website"},"datePublished":"2021-10-05T07:43:43+00:00","dateModified":"2026-01-11T11:47:39+00:00","breadcrumb":{"@id":"https:\/\/zum-plothenteich.de\/#breadcrumb"},"inLanguage":"de","potentialAction":[{"@type":"ReadAction","target":["https:\/\/zum-plothenteich.de\/"]}]},{"@type":"BreadcrumbList","@id":"https:\/\/zum-plothenteich.de\/#breadcrumb","itemListElement":[{"@type":"ListItem","position":1,"name":"Startseite","item":"https:\/\/zum-plothenteich.de\/"},{"@type":"ListItem","position":2,"name":"\u00dcber uns"}]},{"@type":"WebSite","@id":"https:\/\/zum-plothenteich.de\/#website","url":"https:\/\/zum-plothenteich.de\/","name":"Gasthaus &quot;Zum Plothenteich&quot;","description":"Gut essen im &quot;Land der tausend Teiche&quot;","potentialAction":[{"@type":"SearchAction","target":{"@type":"EntryPoint","urlTemplate":"https:\/\/zum-plothenteich.de\/?s={search_term_string}"},"query-input":"required name=search_term_string"}],"inLanguage":"de"}]}},"_links":{"self":[{"href":"https:\/\/zum-plothenteich.de\/index.php\/wp-json\/wp\/v2\/pages\/37","targetHints":{"allow":["GET"]}}],"collection":[{"href":"https:\/\/zum-plothenteich.de\/index.php\/wp-json\/wp\/v2\/pages"}],"about":[{"href":"https:\/\/zum-plothenteich.de\/index.php\/wp-json\/wp\/v2\/types\/page"}],"author":[{"embeddable":true,"href":"https:\/\/zum-plothenteich.de\/index.php\/wp-json\/wp\/v2\/users\/3"}],"replies":[{"embeddable":true,"href":"https:\/\/zum-plothenteich.de\/index.php\/wp-json\/wp\/v2\/comments?post=37"}],"version-history":[{"count":23,"href":"https:\/\/zum-plothenteich.de\/index.php\/wp-json\/wp\/v2\/pages\/37\/revisions"}],"predecessor-version":[{"id":596,"href":"https:\/\/zum-plothenteich.de\/index.php\/wp-json\/wp\/v2\/pages\/37\/revisions\/596"}],"wp:attachment":[{"href":"https:\/\/zum-plothenteich.de\/index.php\/wp-json\/wp\/v2\/media?parent=37"}],"curies":[{"name":"wp","href":"https:\/\/api.w.org\/{rel}","templated":true}]}}