{"id":32,"date":"2021-10-05T07:37:34","date_gmt":"2021-10-05T07:37:34","guid":{"rendered":"https:\/\/zum-plothenteich.de\/?page_id=32"},"modified":"2023-04-25T19:54:01","modified_gmt":"2023-04-25T17:54:01","slug":"projekte","status":"publish","type":"page","link":"https:\/\/zum-plothenteich.de\/index.php\/projekte\/","title":{"rendered":"Lokalit\u00e4t"},"content":{"rendered":"\n<p class=\"has-medium-font-size\">Unser Haus liegt in Plothen im \u201cLand der 1000 Teiche\u201d und ist ein idealer Ausgangspunkt f\u00fcr Wanderungen, Radtouren  oder Autoausfl\u00fcge durch die herrliche wald- und wasserreiche Gegend.<br>Ein Plothener \u201cFischzug\u201d oder das sogenannte \u201cStarenwunder\u201d im Herbst geh\u00f6ren zu den ganz besonderen Ereignissen, die Sie in dieser sch\u00f6nen Landschaft erleben k\u00f6nnen.<\/p>\n\n\n\n<p class=\"has-medium-font-size\"><br>Aber auch die n\u00e4here Umgebung hat weitere Sehensw\u00fcrdigkeiten zu bieten. Besuchen Sie die gr\u00f6\u00dfte Talsperre Deutschlands, die&nbsp;<a href=\"http:\/\/de.wikipedia.org\/wiki\/Bleilochtalsperre\" target=\"_blank\" rel=\"noreferrer noopener\">Bleilochtalsperre<\/a>. Das k\u00f6nnen Sie mit einem Ausflug in den&nbsp;<a href=\"http:\/\/www.maerchenwald-saalburg.de\/\" target=\"_blank\" rel=\"noreferrer noopener\">M\u00e4rchenwald Saalburg<\/a>&nbsp;verbinden, ihre Kinder werden sich freuen. Auch&nbsp;<a href=\"http:\/\/www.schloss-burgk.de\/\" target=\"_blank\" rel=\"noreferrer noopener\">Schlo\u00df Burgk<\/a>&nbsp;mit Museum und dem Aussichtsturm \u00fcber die herrliche Landschaft ist einen Besuch wert. Ebenso das&nbsp;<a href=\"http:\/\/www.ziegenrueck.de\/\" target=\"_blank\" rel=\"noreferrer noopener\">St\u00e4dtchen Ziegenr\u00fcck<\/a>&nbsp;im Saaletal mit Wasserkraftmuseum und vielen nat\u00fcrlichen T\u00e4lern sollten Sie nicht verpassen.<\/p>\n\n\n\n<p class=\"has-medium-font-size\"><br>Sie k\u00f6nnen die Umgebung bequem mit dem Fahrrad erkunden. Mehr Informationen erhalten Sie unter&nbsp;<a href=\"http:\/\/www.fahr-rad-mit-pedelec.de\/\" target=\"_blank\" rel=\"noreferrer noopener\">Fahr Rad am Th\u00fcringer Meer<\/a>.<\/p>\n\n\n\n<p class=\"has-medium-font-size\"><br>Weitere Informationen zum&nbsp;<a href=\"http:\/\/www.land-der-tausend-teiche.de\/index\/\" target=\"_blank\" rel=\"noreferrer noopener\">Land der Tausend Teiche<\/a>&nbsp;erhalten Sie auf der Seite der Kommunalen Arbeitsgemeinschaft. \u00dcber die&nbsp;<a href=\"https:\/\/www.facebook.com\/Heimischev%F6gel-559905984496820\" target=\"_blank\" rel=\"noreferrer noopener\">heimische Vogelwelt<\/a>&nbsp;gibt es hier Wissenswertes.<\/p>\n\n\n\n<hr class=\"wp-block-separator has-text-color has-luminous-vivid-amber-color has-css-opacity has-luminous-vivid-amber-background-color has-background is-style-wide\"\/>\n\n\n\n<figure class=\"wp-block-image size-large\"><img loading=\"lazy\" decoding=\"async\" width=\"1024\" height=\"684\" src=\"https:\/\/zum-plothenteich.de\/wp-content\/uploads\/2021\/10\/CGZ_6501-1024x684.jpg\" alt=\"\" class=\"wp-image-80\" srcset=\"https:\/\/zum-plothenteich.de\/wp-content\/uploads\/2021\/10\/CGZ_6501-1024x684.jpg 1024w, https:\/\/zum-plothenteich.de\/wp-content\/uploads\/2021\/10\/CGZ_6501-300x200.jpg 300w, https:\/\/zum-plothenteich.de\/wp-content\/uploads\/2021\/10\/CGZ_6501-768x513.jpg 768w, https:\/\/zum-plothenteich.de\/wp-content\/uploads\/2021\/10\/CGZ_6501-1536x1025.jpg 1536w, https:\/\/zum-plothenteich.de\/wp-content\/uploads\/2021\/10\/CGZ_6501-350x234.jpg 350w, https:\/\/zum-plothenteich.de\/wp-content\/uploads\/2021\/10\/CGZ_6501.jpg 2000w\" sizes=\"auto, (max-width: 706px) 89vw, (max-width: 767px) 82vw, 740px\" \/><figcaption class=\"wp-element-caption\">Pfahlhaus<\/figcaption><\/figure>\n\n\n\n<figure class=\"wp-block-image size-large is-style-default\"><img loading=\"lazy\" decoding=\"async\" width=\"1024\" height=\"684\" src=\"https:\/\/zum-plothenteich.de\/wp-content\/uploads\/2021\/10\/CGZ_7584-1024x684.jpg\" alt=\"\" class=\"wp-image-134\" srcset=\"https:\/\/zum-plothenteich.de\/wp-content\/uploads\/2021\/10\/CGZ_7584-1024x684.jpg 1024w, https:\/\/zum-plothenteich.de\/wp-content\/uploads\/2021\/10\/CGZ_7584-300x200.jpg 300w, https:\/\/zum-plothenteich.de\/wp-content\/uploads\/2021\/10\/CGZ_7584-768x513.jpg 768w, https:\/\/zum-plothenteich.de\/wp-content\/uploads\/2021\/10\/CGZ_7584-1536x1025.jpg 1536w, https:\/\/zum-plothenteich.de\/wp-content\/uploads\/2021\/10\/CGZ_7584-350x234.jpg 350w, https:\/\/zum-plothenteich.de\/wp-content\/uploads\/2021\/10\/CGZ_7584.jpg 2000w\" sizes=\"auto, (max-width: 706px) 89vw, (max-width: 767px) 82vw, 740px\" \/><figcaption class=\"wp-element-caption\">Baumallee am Pfahlhaus<\/figcaption><\/figure>\n\n\n\n<figure class=\"wp-block-image size-large\"><img loading=\"lazy\" decoding=\"async\" width=\"1024\" height=\"684\" src=\"https:\/\/zum-plothenteich.de\/wp-content\/uploads\/2021\/10\/CGZ_7631-1024x684.jpg\" alt=\"\" class=\"wp-image-141\" srcset=\"https:\/\/zum-plothenteich.de\/wp-content\/uploads\/2021\/10\/CGZ_7631-1024x684.jpg 1024w, https:\/\/zum-plothenteich.de\/wp-content\/uploads\/2021\/10\/CGZ_7631-300x200.jpg 300w, https:\/\/zum-plothenteich.de\/wp-content\/uploads\/2021\/10\/CGZ_7631-768x513.jpg 768w, https:\/\/zum-plothenteich.de\/wp-content\/uploads\/2021\/10\/CGZ_7631-1536x1025.jpg 1536w, https:\/\/zum-plothenteich.de\/wp-content\/uploads\/2021\/10\/CGZ_7631-350x234.jpg 350w, https:\/\/zum-plothenteich.de\/wp-content\/uploads\/2021\/10\/CGZ_7631.jpg 2000w\" sizes=\"auto, (max-width: 706px) 89vw, (max-width: 767px) 82vw, 740px\" \/><figcaption class=\"wp-element-caption\">Muscheln im abgelassenen Teich<\/figcaption><\/figure>\n\n\n\n<figure class=\"wp-block-image size-large\"><img loading=\"lazy\" decoding=\"async\" width=\"1024\" height=\"684\" src=\"https:\/\/zum-plothenteich.de\/wp-content\/uploads\/2021\/10\/CGZ_7620-1024x684.jpg\" alt=\"\" class=\"wp-image-140\" srcset=\"https:\/\/zum-plothenteich.de\/wp-content\/uploads\/2021\/10\/CGZ_7620-1024x684.jpg 1024w, https:\/\/zum-plothenteich.de\/wp-content\/uploads\/2021\/10\/CGZ_7620-300x200.jpg 300w, https:\/\/zum-plothenteich.de\/wp-content\/uploads\/2021\/10\/CGZ_7620-768x513.jpg 768w, https:\/\/zum-plothenteich.de\/wp-content\/uploads\/2021\/10\/CGZ_7620-1536x1025.jpg 1536w, https:\/\/zum-plothenteich.de\/wp-content\/uploads\/2021\/10\/CGZ_7620-350x234.jpg 350w, https:\/\/zum-plothenteich.de\/wp-content\/uploads\/2021\/10\/CGZ_7620.jpg 2000w\" sizes=\"auto, (max-width: 706px) 89vw, (max-width: 767px) 82vw, 740px\" \/><figcaption class=\"wp-element-caption\">Parkplatz f\u00fcr Dreir\u00e4der<\/figcaption><\/figure>\n\n\n\n<figure class=\"wp-block-gallery has-nested-images columns-2 is-cropped wp-block-gallery-1 is-layout-flex wp-block-gallery-is-layout-flex\">\n<figure class=\"wp-block-image size-large\"><img loading=\"lazy\" decoding=\"async\" width=\"1024\" height=\"684\" data-id=\"136\" src=\"https:\/\/zum-plothenteich.de\/wp-content\/uploads\/2021\/10\/CGZ_7587-1024x684.jpg\" alt=\"\" class=\"wp-image-136\" srcset=\"https:\/\/zum-plothenteich.de\/wp-content\/uploads\/2021\/10\/CGZ_7587-1024x684.jpg 1024w, https:\/\/zum-plothenteich.de\/wp-content\/uploads\/2021\/10\/CGZ_7587-300x200.jpg 300w, https:\/\/zum-plothenteich.de\/wp-content\/uploads\/2021\/10\/CGZ_7587-768x513.jpg 768w, https:\/\/zum-plothenteich.de\/wp-content\/uploads\/2021\/10\/CGZ_7587-1536x1025.jpg 1536w, https:\/\/zum-plothenteich.de\/wp-content\/uploads\/2021\/10\/CGZ_7587-350x234.jpg 350w, https:\/\/zum-plothenteich.de\/wp-content\/uploads\/2021\/10\/CGZ_7587.jpg 2000w\" sizes=\"auto, (max-width: 706px) 89vw, (max-width: 767px) 82vw, 740px\" \/><\/figure>\n\n\n\n<figure class=\"wp-block-image size-large\"><img loading=\"lazy\" decoding=\"async\" width=\"1024\" height=\"684\" data-id=\"137\" src=\"https:\/\/zum-plothenteich.de\/wp-content\/uploads\/2021\/10\/CGZ_7595-1024x684.jpg\" alt=\"\" class=\"wp-image-137\" srcset=\"https:\/\/zum-plothenteich.de\/wp-content\/uploads\/2021\/10\/CGZ_7595-1024x684.jpg 1024w, https:\/\/zum-plothenteich.de\/wp-content\/uploads\/2021\/10\/CGZ_7595-300x200.jpg 300w, https:\/\/zum-plothenteich.de\/wp-content\/uploads\/2021\/10\/CGZ_7595-768x513.jpg 768w, https:\/\/zum-plothenteich.de\/wp-content\/uploads\/2021\/10\/CGZ_7595-1536x1025.jpg 1536w, https:\/\/zum-plothenteich.de\/wp-content\/uploads\/2021\/10\/CGZ_7595-350x234.jpg 350w, https:\/\/zum-plothenteich.de\/wp-content\/uploads\/2021\/10\/CGZ_7595.jpg 2000w\" sizes=\"auto, (max-width: 706px) 89vw, (max-width: 767px) 82vw, 740px\" \/><\/figure>\n\n\n\n<figure class=\"wp-block-image size-large\"><img loading=\"lazy\" decoding=\"async\" width=\"1024\" height=\"684\" data-id=\"133\" src=\"https:\/\/zum-plothenteich.de\/wp-content\/uploads\/2021\/10\/CGZ_7580-1024x684.jpg\" alt=\"\" class=\"wp-image-133\" srcset=\"https:\/\/zum-plothenteich.de\/wp-content\/uploads\/2021\/10\/CGZ_7580-1024x684.jpg 1024w, https:\/\/zum-plothenteich.de\/wp-content\/uploads\/2021\/10\/CGZ_7580-300x200.jpg 300w, https:\/\/zum-plothenteich.de\/wp-content\/uploads\/2021\/10\/CGZ_7580-768x513.jpg 768w, https:\/\/zum-plothenteich.de\/wp-content\/uploads\/2021\/10\/CGZ_7580-1536x1025.jpg 1536w, https:\/\/zum-plothenteich.de\/wp-content\/uploads\/2021\/10\/CGZ_7580-350x234.jpg 350w, https:\/\/zum-plothenteich.de\/wp-content\/uploads\/2021\/10\/CGZ_7580.jpg 2000w\" sizes=\"auto, (max-width: 706px) 89vw, (max-width: 767px) 82vw, 740px\" \/><\/figure>\n\n\n\n<figure class=\"wp-block-image size-large\"><img loading=\"lazy\" decoding=\"async\" width=\"1024\" height=\"684\" data-id=\"135\" src=\"https:\/\/zum-plothenteich.de\/wp-content\/uploads\/2021\/10\/CGZ_7585-1024x684.jpg\" alt=\"\" class=\"wp-image-135\" srcset=\"https:\/\/zum-plothenteich.de\/wp-content\/uploads\/2021\/10\/CGZ_7585-1024x684.jpg 1024w, https:\/\/zum-plothenteich.de\/wp-content\/uploads\/2021\/10\/CGZ_7585-300x200.jpg 300w, https:\/\/zum-plothenteich.de\/wp-content\/uploads\/2021\/10\/CGZ_7585-768x513.jpg 768w, https:\/\/zum-plothenteich.de\/wp-content\/uploads\/2021\/10\/CGZ_7585-1536x1025.jpg 1536w, https:\/\/zum-plothenteich.de\/wp-content\/uploads\/2021\/10\/CGZ_7585-350x234.jpg 350w, https:\/\/zum-plothenteich.de\/wp-content\/uploads\/2021\/10\/CGZ_7585.jpg 2000w\" sizes=\"auto, (max-width: 706px) 89vw, (max-width: 767px) 82vw, 740px\" \/><\/figure>\n\n\n\n<figure class=\"wp-block-image size-large\"><img loading=\"lazy\" decoding=\"async\" width=\"1024\" height=\"684\" data-id=\"138\" src=\"https:\/\/zum-plothenteich.de\/wp-content\/uploads\/2021\/10\/CGZ_7601-1024x684.jpg\" alt=\"\" class=\"wp-image-138\" srcset=\"https:\/\/zum-plothenteich.de\/wp-content\/uploads\/2021\/10\/CGZ_7601-1024x684.jpg 1024w, https:\/\/zum-plothenteich.de\/wp-content\/uploads\/2021\/10\/CGZ_7601-300x200.jpg 300w, https:\/\/zum-plothenteich.de\/wp-content\/uploads\/2021\/10\/CGZ_7601-768x513.jpg 768w, https:\/\/zum-plothenteich.de\/wp-content\/uploads\/2021\/10\/CGZ_7601-1536x1025.jpg 1536w, https:\/\/zum-plothenteich.de\/wp-content\/uploads\/2021\/10\/CGZ_7601-350x234.jpg 350w, https:\/\/zum-plothenteich.de\/wp-content\/uploads\/2021\/10\/CGZ_7601.jpg 2000w\" sizes=\"auto, (max-width: 706px) 89vw, (max-width: 767px) 82vw, 740px\" \/><\/figure>\n\n\n\n<figure class=\"wp-block-image size-large\"><img loading=\"lazy\" decoding=\"async\" width=\"1024\" height=\"684\" data-id=\"139\" src=\"https:\/\/zum-plothenteich.de\/wp-content\/uploads\/2021\/10\/CGZ_7616-1024x684.jpg\" alt=\"\" class=\"wp-image-139\" srcset=\"https:\/\/zum-plothenteich.de\/wp-content\/uploads\/2021\/10\/CGZ_7616-1024x684.jpg 1024w, https:\/\/zum-plothenteich.de\/wp-content\/uploads\/2021\/10\/CGZ_7616-300x200.jpg 300w, https:\/\/zum-plothenteich.de\/wp-content\/uploads\/2021\/10\/CGZ_7616-768x513.jpg 768w, https:\/\/zum-plothenteich.de\/wp-content\/uploads\/2021\/10\/CGZ_7616-1536x1025.jpg 1536w, https:\/\/zum-plothenteich.de\/wp-content\/uploads\/2021\/10\/CGZ_7616-350x234.jpg 350w, https:\/\/zum-plothenteich.de\/wp-content\/uploads\/2021\/10\/CGZ_7616.jpg 2000w\" sizes=\"auto, (max-width: 706px) 89vw, (max-width: 767px) 82vw, 740px\" \/><\/figure>\n\n\n\n<figure class=\"wp-block-image size-large\"><img loading=\"lazy\" decoding=\"async\" width=\"1024\" height=\"684\" data-id=\"142\" src=\"https:\/\/zum-plothenteich.de\/wp-content\/uploads\/2021\/10\/CGZ_7638-1024x684.jpg\" alt=\"\" class=\"wp-image-142\" srcset=\"https:\/\/zum-plothenteich.de\/wp-content\/uploads\/2021\/10\/CGZ_7638-1024x684.jpg 1024w, https:\/\/zum-plothenteich.de\/wp-content\/uploads\/2021\/10\/CGZ_7638-300x200.jpg 300w, https:\/\/zum-plothenteich.de\/wp-content\/uploads\/2021\/10\/CGZ_7638-768x513.jpg 768w, https:\/\/zum-plothenteich.de\/wp-content\/uploads\/2021\/10\/CGZ_7638-1536x1025.jpg 1536w, https:\/\/zum-plothenteich.de\/wp-content\/uploads\/2021\/10\/CGZ_7638-350x234.jpg 350w, https:\/\/zum-plothenteich.de\/wp-content\/uploads\/2021\/10\/CGZ_7638.jpg 2000w\" sizes=\"auto, (max-width: 706px) 89vw, (max-width: 767px) 82vw, 740px\" \/><\/figure>\n\n\n\n<figure class=\"wp-block-image size-large\"><img loading=\"lazy\" decoding=\"async\" width=\"1024\" height=\"684\" data-id=\"143\" src=\"https:\/\/zum-plothenteich.de\/wp-content\/uploads\/2021\/10\/CGZ_7648-1024x684.jpg\" alt=\"\" class=\"wp-image-143\" srcset=\"https:\/\/zum-plothenteich.de\/wp-content\/uploads\/2021\/10\/CGZ_7648-1024x684.jpg 1024w, https:\/\/zum-plothenteich.de\/wp-content\/uploads\/2021\/10\/CGZ_7648-300x200.jpg 300w, https:\/\/zum-plothenteich.de\/wp-content\/uploads\/2021\/10\/CGZ_7648-768x513.jpg 768w, https:\/\/zum-plothenteich.de\/wp-content\/uploads\/2021\/10\/CGZ_7648-1536x1025.jpg 1536w, https:\/\/zum-plothenteich.de\/wp-content\/uploads\/2021\/10\/CGZ_7648-350x234.jpg 350w, https:\/\/zum-plothenteich.de\/wp-content\/uploads\/2021\/10\/CGZ_7648.jpg 2000w\" sizes=\"auto, (max-width: 706px) 89vw, (max-width: 767px) 82vw, 740px\" \/><\/figure>\n\n\n\n<figure class=\"wp-block-image size-large\"><img loading=\"lazy\" decoding=\"async\" width=\"1024\" height=\"684\" data-id=\"144\" src=\"https:\/\/zum-plothenteich.de\/wp-content\/uploads\/2021\/10\/CGZ_7652-1024x684.jpg\" alt=\"\" class=\"wp-image-144\" srcset=\"https:\/\/zum-plothenteich.de\/wp-content\/uploads\/2021\/10\/CGZ_7652-1024x684.jpg 1024w, https:\/\/zum-plothenteich.de\/wp-content\/uploads\/2021\/10\/CGZ_7652-300x200.jpg 300w, https:\/\/zum-plothenteich.de\/wp-content\/uploads\/2021\/10\/CGZ_7652-768x513.jpg 768w, https:\/\/zum-plothenteich.de\/wp-content\/uploads\/2021\/10\/CGZ_7652-1536x1025.jpg 1536w, https:\/\/zum-plothenteich.de\/wp-content\/uploads\/2021\/10\/CGZ_7652-350x234.jpg 350w, https:\/\/zum-plothenteich.de\/wp-content\/uploads\/2021\/10\/CGZ_7652.jpg 2000w\" sizes=\"auto, (max-width: 706px) 89vw, (max-width: 767px) 82vw, 740px\" \/><\/figure>\n<\/figure>\n","protected":false},"excerpt":{"rendered":"<p>Unser Haus liegt in Plothen im \u201cLand der 1000 Teiche\u201d und ist ein idealer Ausgangspunkt f\u00fcr Wanderungen, Radtouren oder Autoausfl\u00fcge durch die herrliche wald- und wasserreiche Gegend.Ein Plothener \u201cFischzug\u201d oder das sogenannte \u201cStarenwunder\u201d im Herbst geh\u00f6ren zu den ganz besonderen Ereignissen, die Sie in dieser sch\u00f6nen Landschaft erleben k\u00f6nnen. Aber auch die n\u00e4here Umgebung hat &hellip; <\/p>\n<p class=\"link-more\"><a href=\"https:\/\/zum-plothenteich.de\/index.php\/projekte\/\" class=\"more-link\"><span class=\"screen-reader-text\">\u201eLokalit\u00e4t\u201c<\/span> weiterlesen<\/a><\/p>\n","protected":false},"author":3,"featured_media":126,"parent":0,"menu_order":0,"comment_status":"closed","ping_status":"closed","template":"","meta":{"footnotes":""},"class_list":["post-32","page","type-page","status-publish","has-post-thumbnail","hentry"],"yoast_head":"<!-- This site is optimized with the Yoast SEO plugin v20.5 - https:\/\/yoast.com\/wordpress\/plugins\/seo\/ -->\n<title>Lokalit\u00e4t - Gasthaus &quot;Zum Plothenteich&quot;<\/title>\n<meta name=\"robots\" content=\"index, follow, max-snippet:-1, max-image-preview:large, max-video-preview:-1\" \/>\n<link rel=\"canonical\" href=\"https:\/\/zum-plothenteich.de\/index.php\/projekte\/\" \/>\n<meta property=\"og:locale\" content=\"de_DE\" \/>\n<meta property=\"og:type\" content=\"article\" \/>\n<meta property=\"og:title\" content=\"Lokalit\u00e4t - Gasthaus &quot;Zum Plothenteich&quot;\" \/>\n<meta property=\"og:description\" content=\"Unser Haus liegt in Plothen im \u201cLand der 1000 Teiche\u201d und ist ein idealer Ausgangspunkt f\u00fcr Wanderungen, Radtouren oder Autoausfl\u00fcge durch die herrliche wald- und wasserreiche Gegend.Ein Plothener \u201cFischzug\u201d oder das sogenannte \u201cStarenwunder\u201d im Herbst geh\u00f6ren zu den ganz besonderen Ereignissen, die Sie in dieser sch\u00f6nen Landschaft erleben k\u00f6nnen. Aber auch die n\u00e4here Umgebung hat &hellip; \u201eLokalit\u00e4t\u201c weiterlesen\" \/>\n<meta property=\"og:url\" content=\"https:\/\/zum-plothenteich.de\/index.php\/projekte\/\" \/>\n<meta property=\"og:site_name\" content=\"Gasthaus &quot;Zum Plothenteich&quot;\" \/>\n<meta property=\"article:modified_time\" content=\"2023-04-25T17:54:01+00:00\" \/>\n<meta property=\"og:image\" content=\"https:\/\/zum-plothenteich.de\/wp-content\/uploads\/2021\/10\/CGZ_7590.jpg\" \/>\n\t<meta property=\"og:image:width\" content=\"2000\" \/>\n\t<meta property=\"og:image:height\" content=\"1335\" \/>\n\t<meta property=\"og:image:type\" content=\"image\/jpeg\" \/>\n<meta name=\"twitter:card\" content=\"summary_large_image\" \/>\n<meta name=\"twitter:label1\" content=\"Gesch\u00e4tzte Lesezeit\" \/>\n\t<meta name=\"twitter:data1\" content=\"4\u00a0Minuten\" \/>\n<script type=\"application\/ld+json\" class=\"yoast-schema-graph\">{\"@context\":\"https:\/\/schema.org\",\"@graph\":[{\"@type\":\"WebPage\",\"@id\":\"https:\/\/zum-plothenteich.de\/index.php\/projekte\/\",\"url\":\"https:\/\/zum-plothenteich.de\/index.php\/projekte\/\",\"name\":\"Lokalit\u00e4t - Gasthaus &quot;Zum Plothenteich&quot;\",\"isPartOf\":{\"@id\":\"https:\/\/zum-plothenteich.de\/#website\"},\"datePublished\":\"2021-10-05T07:37:34+00:00\",\"dateModified\":\"2023-04-25T17:54:01+00:00\",\"breadcrumb\":{\"@id\":\"https:\/\/zum-plothenteich.de\/index.php\/projekte\/#breadcrumb\"},\"inLanguage\":\"de\",\"potentialAction\":[{\"@type\":\"ReadAction\",\"target\":[\"https:\/\/zum-plothenteich.de\/index.php\/projekte\/\"]}]},{\"@type\":\"BreadcrumbList\",\"@id\":\"https:\/\/zum-plothenteich.de\/index.php\/projekte\/#breadcrumb\",\"itemListElement\":[{\"@type\":\"ListItem\",\"position\":1,\"name\":\"Startseite\",\"item\":\"https:\/\/zum-plothenteich.de\/\"},{\"@type\":\"ListItem\",\"position\":2,\"name\":\"Lokalit\u00e4t\"}]},{\"@type\":\"WebSite\",\"@id\":\"https:\/\/zum-plothenteich.de\/#website\",\"url\":\"https:\/\/zum-plothenteich.de\/\",\"name\":\"Gasthaus &quot;Zum Plothenteich&quot;\",\"description\":\"Gut essen im &quot;Land der tausend Teiche&quot;\",\"potentialAction\":[{\"@type\":\"SearchAction\",\"target\":{\"@type\":\"EntryPoint\",\"urlTemplate\":\"https:\/\/zum-plothenteich.de\/?s={search_term_string}\"},\"query-input\":\"required name=search_term_string\"}],\"inLanguage\":\"de\"}]}<\/script>\n<!-- \/ Yoast SEO plugin. -->","yoast_head_json":{"title":"Lokalit\u00e4t - Gasthaus &quot;Zum Plothenteich&quot;","robots":{"index":"index","follow":"follow","max-snippet":"max-snippet:-1","max-image-preview":"max-image-preview:large","max-video-preview":"max-video-preview:-1"},"canonical":"https:\/\/zum-plothenteich.de\/index.php\/projekte\/","og_locale":"de_DE","og_type":"article","og_title":"Lokalit\u00e4t - Gasthaus &quot;Zum Plothenteich&quot;","og_description":"Unser Haus liegt in Plothen im \u201cLand der 1000 Teiche\u201d und ist ein idealer Ausgangspunkt f\u00fcr Wanderungen, Radtouren oder Autoausfl\u00fcge durch die herrliche wald- und wasserreiche Gegend.Ein Plothener \u201cFischzug\u201d oder das sogenannte \u201cStarenwunder\u201d im Herbst geh\u00f6ren zu den ganz besonderen Ereignissen, die Sie in dieser sch\u00f6nen Landschaft erleben k\u00f6nnen. Aber auch die n\u00e4here Umgebung hat &hellip; \u201eLokalit\u00e4t\u201c weiterlesen","og_url":"https:\/\/zum-plothenteich.de\/index.php\/projekte\/","og_site_name":"Gasthaus &quot;Zum Plothenteich&quot;","article_modified_time":"2023-04-25T17:54:01+00:00","og_image":[{"width":2000,"height":1335,"url":"https:\/\/zum-plothenteich.de\/wp-content\/uploads\/2021\/10\/CGZ_7590.jpg","type":"image\/jpeg"}],"twitter_card":"summary_large_image","twitter_misc":{"Gesch\u00e4tzte Lesezeit":"4\u00a0Minuten"},"schema":{"@context":"https:\/\/schema.org","@graph":[{"@type":"WebPage","@id":"https:\/\/zum-plothenteich.de\/index.php\/projekte\/","url":"https:\/\/zum-plothenteich.de\/index.php\/projekte\/","name":"Lokalit\u00e4t - Gasthaus &quot;Zum Plothenteich&quot;","isPartOf":{"@id":"https:\/\/zum-plothenteich.de\/#website"},"datePublished":"2021-10-05T07:37:34+00:00","dateModified":"2023-04-25T17:54:01+00:00","breadcrumb":{"@id":"https:\/\/zum-plothenteich.de\/index.php\/projekte\/#breadcrumb"},"inLanguage":"de","potentialAction":[{"@type":"ReadAction","target":["https:\/\/zum-plothenteich.de\/index.php\/projekte\/"]}]},{"@type":"BreadcrumbList","@id":"https:\/\/zum-plothenteich.de\/index.php\/projekte\/#breadcrumb","itemListElement":[{"@type":"ListItem","position":1,"name":"Startseite","item":"https:\/\/zum-plothenteich.de\/"},{"@type":"ListItem","position":2,"name":"Lokalit\u00e4t"}]},{"@type":"WebSite","@id":"https:\/\/zum-plothenteich.de\/#website","url":"https:\/\/zum-plothenteich.de\/","name":"Gasthaus &quot;Zum Plothenteich&quot;","description":"Gut essen im &quot;Land der tausend Teiche&quot;","potentialAction":[{"@type":"SearchAction","target":{"@type":"EntryPoint","urlTemplate":"https:\/\/zum-plothenteich.de\/?s={search_term_string}"},"query-input":"required name=search_term_string"}],"inLanguage":"de"}]}},"_links":{"self":[{"href":"https:\/\/zum-plothenteich.de\/index.php\/wp-json\/wp\/v2\/pages\/32","targetHints":{"allow":["GET"]}}],"collection":[{"href":"https:\/\/zum-plothenteich.de\/index.php\/wp-json\/wp\/v2\/pages"}],"about":[{"href":"https:\/\/zum-plothenteich.de\/index.php\/wp-json\/wp\/v2\/types\/page"}],"author":[{"embeddable":true,"href":"https:\/\/zum-plothenteich.de\/index.php\/wp-json\/wp\/v2\/users\/3"}],"replies":[{"embeddable":true,"href":"https:\/\/zum-plothenteich.de\/index.php\/wp-json\/wp\/v2\/comments?post=32"}],"version-history":[{"count":18,"href":"https:\/\/zum-plothenteich.de\/index.php\/wp-json\/wp\/v2\/pages\/32\/revisions"}],"predecessor-version":[{"id":496,"href":"https:\/\/zum-plothenteich.de\/index.php\/wp-json\/wp\/v2\/pages\/32\/revisions\/496"}],"wp:featuredmedia":[{"embeddable":true,"href":"https:\/\/zum-plothenteich.de\/index.php\/wp-json\/wp\/v2\/media\/126"}],"wp:attachment":[{"href":"https:\/\/zum-plothenteich.de\/index.php\/wp-json\/wp\/v2\/media?parent=32"}],"curies":[{"name":"wp","href":"https:\/\/api.w.org\/{rel}","templated":true}]}}